{"id":128,"date":"2023-01-09T08:03:08","date_gmt":"2023-01-09T08:03:08","guid":{"rendered":"https:\/\/superkey2.projekte.fh-hagenberg.at\/?page_id=128"},"modified":"2024-06-25T15:18:49","modified_gmt":"2024-06-25T15:18:49","slug":"software","status":"publish","type":"page","link":"https:\/\/dllc.projekte.fh-hagenberg.at\/wordpress\/software\/","title":{"rendered":"Software"},"content":{"rendered":"\t\t<div data-elementor-type=\"wp-page\" data-elementor-id=\"128\" class=\"elementor elementor-128\">\n\t\t\t\t\t\t<section class=\"elementor-section elementor-top-section elementor-element elementor-element-79124360 elementor-section-height-min-height elementor-section-items-stretch elementor-section-boxed elementor-section-height-default\" data-id=\"79124360\" data-element_type=\"section\" data-settings=\"{&quot;background_background&quot;:&quot;classic&quot;}\">\n\t\t\t\t\t\t<div class=\"elementor-container elementor-column-gap-wider\">\n\t\t\t\t\t<div class=\"elementor-column elementor-col-50 elementor-top-column elementor-element elementor-element-63189d68\" data-id=\"63189d68\" data-element_type=\"column\">\n\t\t\t<div class=\"elementor-widget-wrap elementor-element-populated\">\n\t\t\t\t\t\t<div class=\"elementor-element elementor-element-374dde37 elementor-invisible elementor-widget elementor-widget-heading\" data-id=\"374dde37\" data-element_type=\"widget\" data-settings=\"{&quot;_animation&quot;:&quot;fadeInLeft&quot;}\" data-widget_type=\"heading.default\">\n\t\t\t\t<div class=\"elementor-widget-container\">\n\t\t\t<style>\/*! elementor - v3.21.0 - 26-05-2024 *\/\n.elementor-heading-title{padding:0;margin:0;line-height:1}.elementor-widget-heading .elementor-heading-title[class*=elementor-size-]>a{color:inherit;font-size:inherit;line-height:inherit}.elementor-widget-heading .elementor-heading-title.elementor-size-small{font-size:15px}.elementor-widget-heading .elementor-heading-title.elementor-size-medium{font-size:19px}.elementor-widget-heading .elementor-heading-title.elementor-size-large{font-size:29px}.elementor-widget-heading .elementor-heading-title.elementor-size-xl{font-size:39px}.elementor-widget-heading .elementor-heading-title.elementor-size-xxl{font-size:59px}<\/style><h2 class=\"elementor-heading-title elementor-size-default\">Systemaufbau<\/h2>\t\t<\/div>\n\t\t\t\t<\/div>\n\t\t\t\t<div class=\"elementor-element elementor-element-182019af elementor-invisible elementor-widget elementor-widget-text-editor\" data-id=\"182019af\" data-element_type=\"widget\" data-settings=\"{&quot;_animation&quot;:&quot;fadeInUp&quot;,&quot;_animation_delay&quot;:600}\" data-widget_type=\"text-editor.default\">\n\t\t\t\t<div class=\"elementor-widget-container\">\n\t\t\t<style>\/*! elementor - v3.21.0 - 26-05-2024 *\/\n.elementor-widget-text-editor.elementor-drop-cap-view-stacked .elementor-drop-cap{background-color:#69727d;color:#fff}.elementor-widget-text-editor.elementor-drop-cap-view-framed .elementor-drop-cap{color:#69727d;border:3px solid;background-color:transparent}.elementor-widget-text-editor:not(.elementor-drop-cap-view-default) .elementor-drop-cap{margin-top:8px}.elementor-widget-text-editor:not(.elementor-drop-cap-view-default) .elementor-drop-cap-letter{width:1em;height:1em}.elementor-widget-text-editor .elementor-drop-cap{float:left;text-align:center;line-height:1;font-size:50px}.elementor-widget-text-editor .elementor-drop-cap-letter{display:inline-block}<\/style>\t\t\t\t<p>Das Testsystem basiert auf Linux welches mittels Yocto speziell f\u00fcr das System gebaut wird. F\u00fcr das System werden in Yocto die Treiber f\u00fcr Qualcomm, Intel und NXP hinzugef\u00fcgt und die Abh\u00e4ngigkeiten f\u00fcr das Testsystem installiert.<\/p>\n<p>Diese Abh\u00e4ngigkeiten sind einerseits Python und Iperf3 f\u00fcr das automatische Testsystem und andererseits dnsmasq und Hostapd f\u00fcr den Betrieb des Wi-Fi Access Point.<\/p>\n<p>Neben diesen Abh\u00e4ngigkeiten wird auch die Testsoftware automatisch im Yocto-Build installiert. Die Software wird automatisch \u00fcber einen&nbsp; Systemd-Service gestartet wodurch kein Interaktion mit den Systemen direkt n\u00f6tig ist.<\/p>\n<p>Das finale System verwendet den Linux Kernel 6.1.22 wobei zu Beginn Kernel 5.15.71 eingesetzt wurde. Durch den Umstieg wurde die Treiberkompatibilit\u00e4t f\u00fcr die Wi-Fi 6 Module deutlich erh\u00f6ht.<\/p>\t\t\t\t\t\t<\/div>\n\t\t\t\t<\/div>\n\t\t\t\t\t<\/div>\n\t\t<\/div>\n\t\t\t\t<div class=\"elementor-column elementor-col-50 elementor-top-column elementor-element elementor-element-608d2d03\" data-id=\"608d2d03\" data-element_type=\"column\" data-settings=\"{&quot;background_background&quot;:&quot;classic&quot;}\">\n\t\t\t<div class=\"elementor-widget-wrap elementor-element-populated\">\n\t\t\t\t\t<div class=\"elementor-background-overlay\"><\/div>\n\t\t\t\t\t\t<div class=\"elementor-element elementor-element-247aa90 elementor-widget elementor-widget-image\" data-id=\"247aa90\" data-element_type=\"widget\" data-widget_type=\"image.default\">\n\t\t\t\t<div class=\"elementor-widget-container\">\n\t\t\t<style>\/*! elementor - v3.21.0 - 26-05-2024 *\/\n.elementor-widget-image{text-align:center}.elementor-widget-image a{display:inline-block}.elementor-widget-image a img[src$=\".svg\"]{width:48px}.elementor-widget-image img{vertical-align:middle;display:inline-block}<\/style>\t\t\t\t\t\t\t\t\t\t<img fetchpriority=\"high\" decoding=\"async\" width=\"1024\" height=\"613\" src=\"https:\/\/dllc.projekte.fh-hagenberg.at\/wordpress\/wp-content\/uploads\/2024\/06\/SystemOverview.drawio-1024x613.png\" class=\"attachment-large size-large wp-image-973\" alt=\"\" srcset=\"https:\/\/dllc.projekte.fh-hagenberg.at\/wordpress\/wp-content\/uploads\/2024\/06\/SystemOverview.drawio-1024x613.png 1024w, https:\/\/dllc.projekte.fh-hagenberg.at\/wordpress\/wp-content\/uploads\/2024\/06\/SystemOverview.drawio-300x180.png 300w, https:\/\/dllc.projekte.fh-hagenberg.at\/wordpress\/wp-content\/uploads\/2024\/06\/SystemOverview.drawio-768x460.png 768w, https:\/\/dllc.projekte.fh-hagenberg.at\/wordpress\/wp-content\/uploads\/2024\/06\/SystemOverview.drawio-1536x920.png 1536w, https:\/\/dllc.projekte.fh-hagenberg.at\/wordpress\/wp-content\/uploads\/2024\/06\/SystemOverview.drawio-2048x1227.png 2048w\" sizes=\"(max-width: 1024px) 100vw, 1024px\" \/>\t\t\t\t\t\t\t\t\t\t\t\t\t<\/div>\n\t\t\t\t<\/div>\n\t\t\t\t\t<\/div>\n\t\t<\/div>\n\t\t\t\t\t<\/div>\n\t\t<\/section>\n\t\t\t\t<section class=\"elementor-section elementor-top-section elementor-element elementor-element-fff4358 elementor-section-height-min-height elementor-section-items-stretch elementor-section-boxed elementor-section-height-default\" data-id=\"fff4358\" data-element_type=\"section\" data-settings=\"{&quot;background_background&quot;:&quot;classic&quot;}\">\n\t\t\t\t\t\t<div class=\"elementor-container elementor-column-gap-wider\">\n\t\t\t\t\t<div class=\"elementor-column elementor-col-50 elementor-top-column elementor-element elementor-element-4fc9692\" data-id=\"4fc9692\" data-element_type=\"column\">\n\t\t\t<div class=\"elementor-widget-wrap elementor-element-populated\">\n\t\t\t\t\t\t<div class=\"elementor-element elementor-element-0e8ca94 elementor-invisible elementor-widget elementor-widget-heading\" data-id=\"0e8ca94\" data-element_type=\"widget\" data-settings=\"{&quot;_animation&quot;:&quot;fadeInLeft&quot;}\" data-widget_type=\"heading.default\">\n\t\t\t\t<div class=\"elementor-widget-container\">\n\t\t\t<h2 class=\"elementor-heading-title elementor-size-default\">Access Point \/ Server<\/h2>\t\t<\/div>\n\t\t\t\t<\/div>\n\t\t\t\t<div class=\"elementor-element elementor-element-51a1d90 elementor-invisible elementor-widget elementor-widget-text-editor\" data-id=\"51a1d90\" data-element_type=\"widget\" data-settings=\"{&quot;_animation&quot;:&quot;fadeInUp&quot;,&quot;_animation_delay&quot;:600}\" data-widget_type=\"text-editor.default\">\n\t\t\t\t<div class=\"elementor-widget-container\">\n\t\t\t\t\t\t\t<ul><li>Erh\u00e4lt Testkonfiguration und die Testdateien vom Monitoring System<\/li><li>Konfiguration wird eingelesen<\/li><li>Middleware gibt Spezifikation und Testdatei an korrekten Client weiter<\/li><li>Testinformationen und Ablauf werden \u00fcber Syslogs protokolliert<\/li><\/ul>\t\t\t\t\t\t<\/div>\n\t\t\t\t<\/div>\n\t\t\t\t\t<\/div>\n\t\t<\/div>\n\t\t\t\t<div class=\"elementor-column elementor-col-50 elementor-top-column elementor-element elementor-element-feb89ad\" data-id=\"feb89ad\" data-element_type=\"column\" data-settings=\"{&quot;background_background&quot;:&quot;classic&quot;}\">\n\t\t\t<div class=\"elementor-widget-wrap elementor-element-populated\">\n\t\t\t\t\t<div class=\"elementor-background-overlay\"><\/div>\n\t\t\t\t\t\t<div class=\"elementor-element elementor-element-f1830a0 elementor-widget elementor-widget-image\" data-id=\"f1830a0\" data-element_type=\"widget\" data-widget_type=\"image.default\">\n\t\t\t\t<div class=\"elementor-widget-container\">\n\t\t\t\t\t\t\t\t\t\t\t\t\t<img decoding=\"async\" width=\"1024\" height=\"639\" src=\"https:\/\/dllc.projekte.fh-hagenberg.at\/wordpress\/wp-content\/uploads\/2024\/06\/Server.drawio-1-1024x639.png\" class=\"attachment-large size-large wp-image-1193\" alt=\"\" srcset=\"https:\/\/dllc.projekte.fh-hagenberg.at\/wordpress\/wp-content\/uploads\/2024\/06\/Server.drawio-1-1024x639.png 1024w, https:\/\/dllc.projekte.fh-hagenberg.at\/wordpress\/wp-content\/uploads\/2024\/06\/Server.drawio-1-300x187.png 300w, https:\/\/dllc.projekte.fh-hagenberg.at\/wordpress\/wp-content\/uploads\/2024\/06\/Server.drawio-1-768x479.png 768w, https:\/\/dllc.projekte.fh-hagenberg.at\/wordpress\/wp-content\/uploads\/2024\/06\/Server.drawio-1-1536x958.png 1536w, https:\/\/dllc.projekte.fh-hagenberg.at\/wordpress\/wp-content\/uploads\/2024\/06\/Server.drawio-1-2048x1277.png 2048w\" sizes=\"(max-width: 1024px) 100vw, 1024px\" \/>\t\t\t\t\t\t\t\t\t\t\t\t\t<\/div>\n\t\t\t\t<\/div>\n\t\t\t\t\t<\/div>\n\t\t<\/div>\n\t\t\t\t\t<\/div>\n\t\t<\/section>\n\t\t\t\t<section class=\"elementor-section elementor-top-section elementor-element elementor-element-80c32d9 elementor-section-height-min-height elementor-section-items-stretch elementor-section-boxed elementor-section-height-default\" data-id=\"80c32d9\" data-element_type=\"section\" data-settings=\"{&quot;background_background&quot;:&quot;classic&quot;}\">\n\t\t\t\t\t\t<div class=\"elementor-container elementor-column-gap-wider\">\n\t\t\t\t\t<div class=\"elementor-column elementor-col-50 elementor-top-column elementor-element elementor-element-e5ecec7\" data-id=\"e5ecec7\" data-element_type=\"column\">\n\t\t\t<div class=\"elementor-widget-wrap elementor-element-populated\">\n\t\t\t\t\t\t<div class=\"elementor-element elementor-element-2b04209 elementor-invisible elementor-widget elementor-widget-heading\" data-id=\"2b04209\" data-element_type=\"widget\" data-settings=\"{&quot;_animation&quot;:&quot;fadeInLeft&quot;}\" data-widget_type=\"heading.default\">\n\t\t\t\t<div class=\"elementor-widget-container\">\n\t\t\t<h2 class=\"elementor-heading-title elementor-size-default\">Client<\/h2>\t\t<\/div>\n\t\t\t\t<\/div>\n\t\t\t\t<div class=\"elementor-element elementor-element-6ee2192 elementor-invisible elementor-widget elementor-widget-text-editor\" data-id=\"6ee2192\" data-element_type=\"widget\" data-settings=\"{&quot;_animation&quot;:&quot;fadeInUp&quot;,&quot;_animation_delay&quot;:600}\" data-widget_type=\"text-editor.default\">\n\t\t\t\t<div class=\"elementor-widget-container\">\n\t\t\t\t\t\t\t<ul><li>Erh\u00e4lt Testdatei und Spezifikation vom Server \u00fcber Websocket Verbindung<\/li><li>Ablauf und Fehlerprotokollierung \u00fcber Syslog<\/li><li>Test wird in seperatem Modul ausgef\u00fchrt<\/li><li>Nach dem Test wird die Ergebnisdatei and den Server gesendet<\/li><\/ul>\t\t\t\t\t\t<\/div>\n\t\t\t\t<\/div>\n\t\t\t\t\t<\/div>\n\t\t<\/div>\n\t\t\t\t<div class=\"elementor-column elementor-col-50 elementor-top-column elementor-element elementor-element-7a52a17\" data-id=\"7a52a17\" data-element_type=\"column\" data-settings=\"{&quot;background_background&quot;:&quot;classic&quot;}\">\n\t\t\t<div class=\"elementor-widget-wrap elementor-element-populated\">\n\t\t\t\t\t<div class=\"elementor-background-overlay\"><\/div>\n\t\t\t\t\t\t<div class=\"elementor-element elementor-element-7e261d5 elementor-widget elementor-widget-image\" data-id=\"7e261d5\" data-element_type=\"widget\" data-widget_type=\"image.default\">\n\t\t\t\t<div class=\"elementor-widget-container\">\n\t\t\t\t\t\t\t\t\t\t\t\t\t<img decoding=\"async\" width=\"1024\" height=\"729\" src=\"https:\/\/dllc.projekte.fh-hagenberg.at\/wordpress\/wp-content\/uploads\/2024\/06\/Client.drawio-1-1024x729.png\" class=\"attachment-large size-large wp-image-1192\" alt=\"\" srcset=\"https:\/\/dllc.projekte.fh-hagenberg.at\/wordpress\/wp-content\/uploads\/2024\/06\/Client.drawio-1-1024x729.png 1024w, https:\/\/dllc.projekte.fh-hagenberg.at\/wordpress\/wp-content\/uploads\/2024\/06\/Client.drawio-1-300x214.png 300w, https:\/\/dllc.projekte.fh-hagenberg.at\/wordpress\/wp-content\/uploads\/2024\/06\/Client.drawio-1-768x547.png 768w, https:\/\/dllc.projekte.fh-hagenberg.at\/wordpress\/wp-content\/uploads\/2024\/06\/Client.drawio-1-1536x1094.png 1536w, https:\/\/dllc.projekte.fh-hagenberg.at\/wordpress\/wp-content\/uploads\/2024\/06\/Client.drawio-1-2048x1459.png 2048w\" sizes=\"(max-width: 1024px) 100vw, 1024px\" \/>\t\t\t\t\t\t\t\t\t\t\t\t\t<\/div>\n\t\t\t\t<\/div>\n\t\t\t\t\t<\/div>\n\t\t<\/div>\n\t\t\t\t\t<\/div>\n\t\t<\/section>\n\t\t<div class=\"elementor-element elementor-element-b24ee45 e-flex e-con-boxed e-con e-parent\" data-id=\"b24ee45\" data-element_type=\"container\">\n\t\t\t\t\t<div class=\"e-con-inner\">\n\t\t\t\t<div class=\"elementor-element elementor-element-82c2971 elementor-widget elementor-widget-text-editor\" data-id=\"82c2971\" data-element_type=\"widget\" data-widget_type=\"text-editor.default\">\n\t\t\t\t<div class=\"elementor-widget-container\">\n\t\t\t\t\t\t\t<h2><strong>Testsoftware und Testablauf<br \/><\/strong><\/h2>\t\t\t\t\t\t<\/div>\n\t\t\t\t<\/div>\n\t\t\t\t<div class=\"elementor-element elementor-element-9d4fc88 elementor-widget__width-initial elementor-widget elementor-widget-text-editor\" data-id=\"9d4fc88\" data-element_type=\"widget\" data-widget_type=\"text-editor.default\">\n\t\t\t\t<div class=\"elementor-widget-container\">\n\t\t\t\t\t\t\t<p style=\"text-align: left;\">Die Testsoftware basiert auf Python und wurde mit Fokus auf den einfachen Austausch von Tests und deren automatisierte Ausf\u00fchrung entwickelt. F\u00fcr eine m\u00f6glichst einfache Bedienung wird der Access Point und die Client Testsoftware automatisch gestartet. Zus\u00e4tzlich verbinden sich alle Clients automatisch nach dem Start mit dem Netzwerk des Access Point.<\/p><p style=\"text-align: left;\">F\u00fcr die Testausf\u00fchrung m\u00fcssen nur noch folgende manuellen Schritte ausgef\u00fchrt werden<\/p><ul><li style=\"text-align: left;\">Starten des Monitoring Rechners<\/li><li style=\"text-align: left;\">Starten des Access Point<\/li><li style=\"text-align: left;\">Start des Testskripts am Monitoring Rechner<\/li><li style=\"text-align: left;\">Starten des Clients nachdem auf dem Monitoring Rechner Wireshark gestartet wurde<\/li><\/ul>\t\t\t\t\t\t<\/div>\n\t\t\t\t<\/div>\n\t\t\t\t<div class=\"elementor-element elementor-element-7e4fd19 elementor-widget elementor-widget-image\" data-id=\"7e4fd19\" data-element_type=\"widget\" data-widget_type=\"image.default\">\n\t\t\t\t<div class=\"elementor-widget-container\">\n\t\t\t\t\t\t\t\t\t\t\t\t\t<img loading=\"lazy\" decoding=\"async\" width=\"607\" height=\"1024\" src=\"https:\/\/dllc.projekte.fh-hagenberg.at\/wordpress\/wp-content\/uploads\/2024\/06\/TestSequence.drawio-607x1024.png\" class=\"attachment-large size-large wp-image-946\" alt=\"\" srcset=\"https:\/\/dllc.projekte.fh-hagenberg.at\/wordpress\/wp-content\/uploads\/2024\/06\/TestSequence.drawio-607x1024.png 607w, https:\/\/dllc.projekte.fh-hagenberg.at\/wordpress\/wp-content\/uploads\/2024\/06\/TestSequence.drawio-178x300.png 178w, https:\/\/dllc.projekte.fh-hagenberg.at\/wordpress\/wp-content\/uploads\/2024\/06\/TestSequence.drawio-768x1295.png 768w, https:\/\/dllc.projekte.fh-hagenberg.at\/wordpress\/wp-content\/uploads\/2024\/06\/TestSequence.drawio-911x1536.png 911w, https:\/\/dllc.projekte.fh-hagenberg.at\/wordpress\/wp-content\/uploads\/2024\/06\/TestSequence.drawio-1214x2048.png 1214w\" sizes=\"(max-width: 607px) 100vw, 607px\" \/>\t\t\t\t\t\t\t\t\t\t\t\t\t<\/div>\n\t\t\t\t<\/div>\n\t\t\t\t<div class=\"elementor-element elementor-element-68cd5e4 elementor-widget__width-initial elementor-widget elementor-widget-text-editor\" data-id=\"68cd5e4\" data-element_type=\"widget\" data-widget_type=\"text-editor.default\">\n\t\t\t\t<div class=\"elementor-widget-container\">\n\t\t\t\t\t\t\t<p style=\"text-align: left;\">Der entwickelte TestRunner sorgt daf\u00fcr, dass die auf dem Monitoring Rechner geschriebene Testkonfiguration ausgelesen wird und anschlie\u00dfend vom Access Point die Testparameter and die jeweiligen Clients verteilt werden. Die Clients fordern anschlie\u00dfend die Testdatei vom Server an.<\/p><p style=\"text-align: left;\">Die Testdatei ist ein Pythonskript, welches am Monitoring Rechner gespeichert ist und auf den Access Point kopiert wurde. In dieser Datei wird der Testablauf definiert und der Inhalt kann jederzeit ver\u00e4ndert werden. Die Datei wird nach dem Transfer auf den Client separat gestartet und ist daher von der Implementierung des TestRunners unabh\u00e4ngig, solange die Schnittstelle f\u00fcr den Konstruktor und die Bezeichnung der implementierten Klasse eingehalten wird.<\/p><p style=\"text-align: left;\">Am Access Point wird f\u00fcr jeden verbundenen Client eine zur Testdatei passende Serverdatei ausgef\u00fchrt welche die Gegenstelle f\u00fcr den Test darstellt. Dadurch k\u00f6nnen jederzeit unterschiedliche Tests (z.B.: ICMP, IperfTCP) ausgef\u00fchrt werden und es m\u00fcssen lediglich die Testkonfiguration und die Dateien auf dem Monitoring Rechner angepasst werden.<\/p><p style=\"text-align: left;\">Der Testablauf wird \u00fcber Syslogs, die auf der Wi-Fi Schnittstelle als Broadcast gesendet werden, mitprotokolliert und kann auch am Monitoring Rechner mittels Wireshark mitverfolgt werden.<\/p><p style=\"text-align: left;\">Am Ende des Tests wird am Monitoring Rechner der aufgezeichnete Wi-Fi Traffic abgespeichert. Gleichzeitig \u00fcbermitteln alle Clients ihre Testergebnisse an den Access Point. Die gesammelten Testergebnisse werden anschlie\u00dfend automatisch auf den Monitoring Rechner kopiert und k\u00f6nnen an die Testauswertung weitergegeben werden.<\/p>\t\t\t\t\t\t<\/div>\n\t\t\t\t<\/div>\n\t\t\t\t\t<\/div>\n\t\t\t\t<\/div>\n\t\t\t\t<section class=\"elementor-section elementor-top-section elementor-element elementor-element-a4b3829 elementor-section-boxed elementor-section-height-default elementor-section-height-default\" data-id=\"a4b3829\" data-element_type=\"section\" data-settings=\"{&quot;background_background&quot;:&quot;classic&quot;}\">\n\t\t\t\t\t\t\t<div class=\"elementor-background-overlay\"><\/div>\n\t\t\t\t\t\t\t<div class=\"elementor-container elementor-column-gap-default\">\n\t\t\t\t\t<div class=\"elementor-column elementor-col-100 elementor-top-column elementor-element elementor-element-bb70d27\" data-id=\"bb70d27\" data-element_type=\"column\">\n\t\t\t<div class=\"elementor-widget-wrap elementor-element-populated\">\n\t\t\t\t\t\t<div class=\"elementor-element elementor-element-13f8d21 elementor-widget elementor-widget-heading\" data-id=\"13f8d21\" data-element_type=\"widget\" data-widget_type=\"heading.default\">\n\t\t\t\t<div class=\"elementor-widget-container\">\n\t\t\t<h2 class=\"elementor-heading-title elementor-size-default\">DLLC<\/h2>\t\t<\/div>\n\t\t\t\t<\/div>\n\t\t\t\t<section class=\"elementor-section elementor-inner-section elementor-element elementor-element-b9ee4c2 elementor-section-boxed elementor-section-height-default elementor-section-height-default\" data-id=\"b9ee4c2\" data-element_type=\"section\">\n\t\t\t\t\t\t<div class=\"elementor-container elementor-column-gap-default\">\n\t\t\t\t\t<div class=\"elementor-column elementor-col-100 elementor-inner-column elementor-element elementor-element-8a66d04\" data-id=\"8a66d04\" data-element_type=\"column\">\n\t\t\t<div class=\"elementor-widget-wrap elementor-element-populated\">\n\t\t\t\t\t\t<div class=\"elementor-element elementor-element-c09cfde elementor-invisible elementor-widget elementor-widget-text-editor\" data-id=\"c09cfde\" data-element_type=\"widget\" data-settings=\"{&quot;_animation&quot;:&quot;fadeInUp&quot;,&quot;_animation_delay&quot;:600}\" data-widget_type=\"text-editor.default\">\n\t\t\t\t<div class=\"elementor-widget-container\">\n\t\t\t\t\t\t\t<p>(c) 2024<br \/>FH Ober\u00f6sterreich Campus Hagenberg<\/p>\t\t\t\t\t\t<\/div>\n\t\t\t\t<\/div>\n\t\t\t\t\t<\/div>\n\t\t<\/div>\n\t\t\t\t\t<\/div>\n\t\t<\/section>\n\t\t\t\t\t<\/div>\n\t\t<\/div>\n\t\t\t\t\t<\/div>\n\t\t<\/section>\n\t\t\t\t<\/div>\n\t\t","protected":false},"excerpt":{"rendered":"<p>Systemaufbau Das Testsystem basiert auf Linux welches mittels Yocto speziell f\u00fcr das System gebaut wird. F\u00fcr das System werden in Yocto die Treiber f\u00fcr Qualcomm, Intel und NXP hinzugef\u00fcgt und die Abh\u00e4ngigkeiten f\u00fcr das Testsystem installiert. Diese Abh\u00e4ngigkeiten sind einerseits Python und Iperf3 f\u00fcr das automatische Testsystem und andererseits dnsmasq und Hostapd f\u00fcr den Betrieb [&hellip;]<\/p>\n","protected":false},"author":1,"featured_media":0,"parent":0,"menu_order":1,"comment_status":"closed","ping_status":"closed","template":"","meta":{"footnotes":""},"class_list":["post-128","page","type-page","status-publish","hentry"],"_links":{"self":[{"href":"https:\/\/dllc.projekte.fh-hagenberg.at\/wordpress\/wp-json\/wp\/v2\/pages\/128","targetHints":{"allow":["GET"]}}],"collection":[{"href":"https:\/\/dllc.projekte.fh-hagenberg.at\/wordpress\/wp-json\/wp\/v2\/pages"}],"about":[{"href":"https:\/\/dllc.projekte.fh-hagenberg.at\/wordpress\/wp-json\/wp\/v2\/types\/page"}],"author":[{"embeddable":true,"href":"https:\/\/dllc.projekte.fh-hagenberg.at\/wordpress\/wp-json\/wp\/v2\/users\/1"}],"replies":[{"embeddable":true,"href":"https:\/\/dllc.projekte.fh-hagenberg.at\/wordpress\/wp-json\/wp\/v2\/comments?post=128"}],"version-history":[{"count":49,"href":"https:\/\/dllc.projekte.fh-hagenberg.at\/wordpress\/wp-json\/wp\/v2\/pages\/128\/revisions"}],"predecessor-version":[{"id":1196,"href":"https:\/\/dllc.projekte.fh-hagenberg.at\/wordpress\/wp-json\/wp\/v2\/pages\/128\/revisions\/1196"}],"wp:attachment":[{"href":"https:\/\/dllc.projekte.fh-hagenberg.at\/wordpress\/wp-json\/wp\/v2\/media?parent=128"}],"curies":[{"name":"wp","href":"https:\/\/api.w.org\/{rel}","templated":true}]}}